{"id":362,"date":"2016-02-23T11:58:03","date_gmt":"2016-02-23T10:58:03","guid":{"rendered":"http:\/\/karatedojoemmendingen.de\/wp\/?page_id=362"},"modified":"2019-09-23T17:41:30","modified_gmt":"2019-09-23T16:41:30","slug":"karate-dojo-emmendingen","status":"publish","type":"page","link":"http:\/\/karatedojoemmendingen.de\/wp\/karate-dojo-emmendingen\/","title":{"rendered":"Karate-Dojo Emmendingen e.V."},"content":{"rendered":"<p align=\"justify\"><span style=\"font-family: georgia, palatino, serif;\"><span style=\"font-size: medium;\">In seiner jetzigen Form wurde das Karate-Dojo Emmendingen im Fr\u00fchjahr 1969 ins Leben gerufen. Aber der erste Versuch, in Emmendingen einen Karate-Club zu gr\u00fcnden, wurde bereits 1968 unternommen. Damals waren es Peter G\u00f6ppert, Karl Lapp und Hermann Richter, die mit einem Schul-Dojo am Gymnasium in Emmendingen begannen. Wieder waren Karl Lapp und Hermann Richter an der Gr\u00fcndung des nun von der Schule unabh\u00e4ngigen Clubs beteiligt. Der erste Karate Anf\u00e4ngerkurs hatte elf Teilnehmer.<\/span><\/span><\/p>\n<p><span style=\"font-family: 'Times New Roman', serif;\"><span style=\"font-size: medium;\"><span style=\"font-family: georgia, palatino, serif;\">Im Jahr 2019 feiert das Karate-Dojo Emmendingen sein 50j\u00e4hriges Bestehen. Der Verein hat mittlerweile \u00fcber 200 Mitglieder.<\/span> <\/span><\/span><\/p>\n","protected":false},"excerpt":{"rendered":"<p>In seiner jetzigen Form wurde das Karate-Dojo Emmendingen im Fr\u00fchjahr 1969 ins Leben gerufen. Aber der erste Versuch, in Emmendingen einen Karate-Club zu gr\u00fcnden, wurde bereits 1968 unternommen. Damals waren es Peter G\u00f6ppert, Karl Lapp und Hermann Richter, die mit einem Schul-Dojo am Gymnasium in Emmendingen begannen. Wieder waren Karl Lapp und Hermann Richter an [&hellip;]<\/p>\n","protected":false},"author":2,"featured_media":290,"parent":0,"menu_order":0,"comment_status":"closed","ping_status":"closed","template":"","meta":{"footnotes":""},"_links":{"self":[{"href":"http:\/\/karatedojoemmendingen.de\/wp\/wp-json\/wp\/v2\/pages\/362"}],"collection":[{"href":"http:\/\/karatedojoemmendingen.de\/wp\/wp-json\/wp\/v2\/pages"}],"about":[{"href":"http:\/\/karatedojoemmendingen.de\/wp\/wp-json\/wp\/v2\/types\/page"}],"author":[{"embeddable":true,"href":"http:\/\/karatedojoemmendingen.de\/wp\/wp-json\/wp\/v2\/users\/2"}],"replies":[{"embeddable":true,"href":"http:\/\/karatedojoemmendingen.de\/wp\/wp-json\/wp\/v2\/comments?post=362"}],"version-history":[{"count":4,"href":"http:\/\/karatedojoemmendingen.de\/wp\/wp-json\/wp\/v2\/pages\/362\/revisions"}],"predecessor-version":[{"id":1548,"href":"http:\/\/karatedojoemmendingen.de\/wp\/wp-json\/wp\/v2\/pages\/362\/revisions\/1548"}],"wp:featuredmedia":[{"embeddable":true,"href":"http:\/\/karatedojoemmendingen.de\/wp\/wp-json\/wp\/v2\/media\/290"}],"wp:attachment":[{"href":"http:\/\/karatedojoemmendingen.de\/wp\/wp-json\/wp\/v2\/media?parent=362"}],"curies":[{"name":"wp","href":"https:\/\/api.w.org\/{rel}","templated":true}]}}